{"id":1703,"date":"2017-05-01T22:41:26","date_gmt":"2017-05-01T20:41:26","guid":{"rendered":"http:\/\/www.studiofiftyfifty.be\/?page_id=1703\/"},"modified":"2023-04-23T15:19:13","modified_gmt":"2023-04-23T13:19:13","slug":"agence-de-communication","status":"publish","type":"page","link":"http:\/\/www.studiofiftyfifty.be\/fr\/agence-de-communication\/","title":{"rendered":"\u00c0 Propos"},"content":{"rendered":"<h1>Agence de communication, nous prenons la cr\u00e9ativit\u00e9 au s\u00e9rieux<\/h1>\n<h2>Nos comp\u00e9tences<\/h2>\n<ul>\n<li>Branding &amp; Identit\u00e9 graphique<\/li>\n<li>Promotion &amp; Campagne<\/li>\n<li>Impression<\/li>\n<li>Packaging<\/li>\n<\/ul>\n<ul>\n<li>Community Management<\/li>\n<li>R\u00e9seaux Sociaux<\/li>\n<li>Cr\u00e9ation de site web<\/li>\n<li>Photographie\/video<\/li>\n<li>Direction Artistique<\/li>\n<\/ul>\n<ul>\n<li>Signal\u00e9tique<\/li>\n<li>Strat\u00e9gie de marque<\/li>\n<li>Copywriting<\/li>\n<li>Naming<\/li>\n<\/ul>\n<h2>L&rsquo;\u00e9quipe<\/h2>\n<p>Cr\u00e9\u00e9e en 2010 par Aur\u00e9lie Coene et Thomas Vanden Driessche, <a href=\"http:\/\/www.studiofiftyfifty.be\">Studio Fiftyfifty<\/a> c&rsquo;est aujourd&rsquo;hui une <a href=\"https:\/\/www.instagram.com\/studio_fiftyfifty\/\">agence de communication<\/a> constitu\u00e9 d&rsquo;une \u00e9quipe de 6 personnes et un r\u00e9seau tr\u00e8s soud\u00e9 de partenaires (designer web, r\u00e9alisateurs, architectes, imprimeurs, strat\u00e8ges) permettant \u00e0 la structure de s&rsquo;adapter facilement et rapidement aux diverses demandes des clients pour fournir une solution r\u00e9ellement sur mesure \u00e0 vos besoins (graphisme, photographie, web, gestion des r\u00e9seaux sociaux, marketing de contenu, rebranding, cr\u00e9ation de site web).<\/p>\n","protected":false},"excerpt":{"rendered":"<p>Agence de communication, nous prenons la cr\u00e9ativit\u00e9 au s\u00e9rieux Nos comp\u00e9tences Branding &amp; Identit\u00e9 graphique Promotion &amp; Campagne Impression Packaging Community Management R\u00e9seaux Sociaux Cr\u00e9ation de site web Photographie\/video Direction Artistique Signal\u00e9tique Strat\u00e9gie de marque Copywriting Naming L&rsquo;\u00e9quipe Cr\u00e9\u00e9e en 2010 par Aur\u00e9lie Coene et Thomas Vanden Driessche, Studio Fiftyfifty c&rsquo;est aujourd&rsquo;hui une agence de &hellip; <a href=\"http:\/\/www.studiofiftyfifty.be\/fr\/agence-de-communication\/\" class=\"more-link\">Continuer la lecture<span class=\"screen-reader-text\"> de &laquo;&nbsp;\u00c0 Propos&nbsp;&raquo;<\/span><\/a><\/p>\n","protected":false},"author":1,"featured_media":0,"parent":0,"menu_order":2,"comment_status":"closed","ping_status":"open","template":"page-about.php","meta":{"_acf_changed":false,"footnotes":""},"acf":[],"yoast_head":"<!-- This site is optimized with the Yoast SEO Premium plugin v22.7 (Yoast SEO v22.7) - https:\/\/yoast.com\/wordpress\/plugins\/seo\/ -->\n<title>Fiftyfifty agence de graphisme et de communication \u00e0 Bruxelles<\/title>\n<meta name=\"description\" content=\"Agence de communication et de graphisme belge bas\u00e9e \u00e0 Bruxelles. Branding, cr\u00e9ation de logo, d&#039;identit\u00e9 visuelle, de site web, r\u00e9seaux sociaux\" \/>\n<meta name=\"robots\" content=\"index, follow, max-snippet:-1, max-image-preview:large, max-video-preview:-1\" \/>\n<link rel=\"canonical\" href=\"https:\/\/www.studiofiftyfifty.be\/fr\/agence-de-communication\/\" \/>\n<meta property=\"og:locale\" content=\"fr_FR\" \/>\n<meta property=\"og:type\" content=\"article\" \/>\n<meta property=\"og:title\" content=\"\u00c0 Propos\" \/>\n<meta property=\"og:description\" content=\"Agence de communication et de graphisme belge bas\u00e9e \u00e0 Bruxelles. Branding, cr\u00e9ation de logo, d&#039;identit\u00e9 visuelle, de site web, r\u00e9seaux sociaux\" \/>\n<meta property=\"og:url\" content=\"https:\/\/www.studiofiftyfifty.be\/fr\/agence-de-communication\/\" \/>\n<meta property=\"og:site_name\" content=\"Fiftyfifty agence de graphisme et de communication \u00e0 Bruxelles\" \/>\n<meta property=\"article:modified_time\" content=\"2023-04-23T13:19:13+00:00\" \/>\n<meta name=\"twitter:card\" content=\"summary_large_image\" \/>\n<meta name=\"twitter:label1\" content=\"Dur\u00e9e de lecture estim\u00e9e\" \/>\n\t<meta name=\"twitter:data1\" content=\"1 minute\" \/>\n<script type=\"application\/ld+json\" class=\"yoast-schema-graph\">{\"@context\":\"https:\/\/schema.org\",\"@graph\":[{\"@type\":\"WebPage\",\"@id\":\"https:\/\/www.studiofiftyfifty.be\/fr\/agence-de-communication\/\",\"url\":\"https:\/\/www.studiofiftyfifty.be\/fr\/agence-de-communication\/\",\"name\":\"Fiftyfifty agence de graphisme et de communication \u00e0 Bruxelles\",\"isPartOf\":{\"@id\":\"http:\/\/www.studiofiftyfifty.be\/#website\"},\"datePublished\":\"2017-05-01T20:41:26+00:00\",\"dateModified\":\"2023-04-23T13:19:13+00:00\",\"description\":\"Agence de communication et de graphisme belge bas\u00e9e \u00e0 Bruxelles. Branding, cr\u00e9ation de logo, d'identit\u00e9 visuelle, de site web, r\u00e9seaux sociaux\",\"breadcrumb\":{\"@id\":\"https:\/\/www.studiofiftyfifty.be\/fr\/agence-de-communication\/#breadcrumb\"},\"inLanguage\":\"fr-FR\",\"potentialAction\":[{\"@type\":\"ReadAction\",\"target\":[\"https:\/\/www.studiofiftyfifty.be\/fr\/agence-de-communication\/\"]}]},{\"@type\":\"BreadcrumbList\",\"@id\":\"https:\/\/www.studiofiftyfifty.be\/fr\/agence-de-communication\/#breadcrumb\",\"itemListElement\":[{\"@type\":\"ListItem\",\"position\":1,\"name\":\"Home\",\"item\":\"http:\/\/www.studiofiftyfifty.be\/\"},{\"@type\":\"ListItem\",\"position\":2,\"name\":\"\u00c0 Propos\"}]},{\"@type\":\"WebSite\",\"@id\":\"http:\/\/www.studiofiftyfifty.be\/#website\",\"url\":\"http:\/\/www.studiofiftyfifty.be\/\",\"name\":\"Fiftyfifty agence de graphisme et de communication \u00e0 Bruxelles\",\"description\":\"Cr\u00e9ation de logo, d&#039;identit\u00e9 visuelle, de site web, strat\u00e9gie r\u00e9seaux sociaux, marketing de contenu, branding, rebranding, graphic design\",\"publisher\":{\"@id\":\"http:\/\/www.studiofiftyfifty.be\/#organization\"},\"potentialAction\":[{\"@type\":\"SearchAction\",\"target\":{\"@type\":\"EntryPoint\",\"urlTemplate\":\"http:\/\/www.studiofiftyfifty.be\/?s={search_term_string}\"},\"query-input\":\"required name=search_term_string\"}],\"inLanguage\":\"fr-FR\"},{\"@type\":\"Organization\",\"@id\":\"http:\/\/www.studiofiftyfifty.be\/#organization\",\"name\":\"Studio Fiftyfifty\",\"url\":\"http:\/\/www.studiofiftyfifty.be\/\",\"logo\":{\"@type\":\"ImageObject\",\"inLanguage\":\"fr-FR\",\"@id\":\"http:\/\/www.studiofiftyfifty.be\/#\/schema\/logo\/image\/\",\"url\":\"https:\/\/www.studiofiftyfifty.be\/beta\/wp-content\/uploads\/2017\/05\/fiftyfifty-graphisme-logo.jpg\",\"contentUrl\":\"https:\/\/www.studiofiftyfifty.be\/beta\/wp-content\/uploads\/2017\/05\/fiftyfifty-graphisme-logo.jpg\",\"width\":1182,\"height\":1182,\"caption\":\"Studio Fiftyfifty\"},\"image\":{\"@id\":\"http:\/\/www.studiofiftyfifty.be\/#\/schema\/logo\/image\/\"}}]}<\/script>\n<!-- \/ Yoast SEO Premium plugin. -->","yoast_head_json":{"title":"Fiftyfifty agence de graphisme et de communication \u00e0 Bruxelles","description":"Agence de communication et de graphisme belge bas\u00e9e \u00e0 Bruxelles. Branding, cr\u00e9ation de logo, d'identit\u00e9 visuelle, de site web, r\u00e9seaux sociaux","robots":{"index":"index","follow":"follow","max-snippet":"max-snippet:-1","max-image-preview":"max-image-preview:large","max-video-preview":"max-video-preview:-1"},"canonical":"https:\/\/www.studiofiftyfifty.be\/fr\/agence-de-communication\/","og_locale":"fr_FR","og_type":"article","og_title":"\u00c0 Propos","og_description":"Agence de communication et de graphisme belge bas\u00e9e \u00e0 Bruxelles. Branding, cr\u00e9ation de logo, d'identit\u00e9 visuelle, de site web, r\u00e9seaux sociaux","og_url":"https:\/\/www.studiofiftyfifty.be\/fr\/agence-de-communication\/","og_site_name":"Fiftyfifty agence de graphisme et de communication \u00e0 Bruxelles","article_modified_time":"2023-04-23T13:19:13+00:00","twitter_card":"summary_large_image","twitter_misc":{"Dur\u00e9e de lecture estim\u00e9e":"1 minute"},"schema":{"@context":"https:\/\/schema.org","@graph":[{"@type":"WebPage","@id":"https:\/\/www.studiofiftyfifty.be\/fr\/agence-de-communication\/","url":"https:\/\/www.studiofiftyfifty.be\/fr\/agence-de-communication\/","name":"Fiftyfifty agence de graphisme et de communication \u00e0 Bruxelles","isPartOf":{"@id":"http:\/\/www.studiofiftyfifty.be\/#website"},"datePublished":"2017-05-01T20:41:26+00:00","dateModified":"2023-04-23T13:19:13+00:00","description":"Agence de communication et de graphisme belge bas\u00e9e \u00e0 Bruxelles. Branding, cr\u00e9ation de logo, d'identit\u00e9 visuelle, de site web, r\u00e9seaux sociaux","breadcrumb":{"@id":"https:\/\/www.studiofiftyfifty.be\/fr\/agence-de-communication\/#breadcrumb"},"inLanguage":"fr-FR","potentialAction":[{"@type":"ReadAction","target":["https:\/\/www.studiofiftyfifty.be\/fr\/agence-de-communication\/"]}]},{"@type":"BreadcrumbList","@id":"https:\/\/www.studiofiftyfifty.be\/fr\/agence-de-communication\/#breadcrumb","itemListElement":[{"@type":"ListItem","position":1,"name":"Home","item":"http:\/\/www.studiofiftyfifty.be\/"},{"@type":"ListItem","position":2,"name":"\u00c0 Propos"}]},{"@type":"WebSite","@id":"http:\/\/www.studiofiftyfifty.be\/#website","url":"http:\/\/www.studiofiftyfifty.be\/","name":"Fiftyfifty agence de graphisme et de communication \u00e0 Bruxelles","description":"Cr\u00e9ation de logo, d&#039;identit\u00e9 visuelle, de site web, strat\u00e9gie r\u00e9seaux sociaux, marketing de contenu, branding, rebranding, graphic design","publisher":{"@id":"http:\/\/www.studiofiftyfifty.be\/#organization"},"potentialAction":[{"@type":"SearchAction","target":{"@type":"EntryPoint","urlTemplate":"http:\/\/www.studiofiftyfifty.be\/?s={search_term_string}"},"query-input":"required name=search_term_string"}],"inLanguage":"fr-FR"},{"@type":"Organization","@id":"http:\/\/www.studiofiftyfifty.be\/#organization","name":"Studio Fiftyfifty","url":"http:\/\/www.studiofiftyfifty.be\/","logo":{"@type":"ImageObject","inLanguage":"fr-FR","@id":"http:\/\/www.studiofiftyfifty.be\/#\/schema\/logo\/image\/","url":"https:\/\/www.studiofiftyfifty.be\/beta\/wp-content\/uploads\/2017\/05\/fiftyfifty-graphisme-logo.jpg","contentUrl":"https:\/\/www.studiofiftyfifty.be\/beta\/wp-content\/uploads\/2017\/05\/fiftyfifty-graphisme-logo.jpg","width":1182,"height":1182,"caption":"Studio Fiftyfifty"},"image":{"@id":"http:\/\/www.studiofiftyfifty.be\/#\/schema\/logo\/image\/"}}]}},"_links":{"self":[{"href":"http:\/\/www.studiofiftyfifty.be\/fr\/wp-json\/wp\/v2\/pages\/1703"}],"collection":[{"href":"http:\/\/www.studiofiftyfifty.be\/fr\/wp-json\/wp\/v2\/pages"}],"about":[{"href":"http:\/\/www.studiofiftyfifty.be\/fr\/wp-json\/wp\/v2\/types\/page"}],"author":[{"embeddable":true,"href":"http:\/\/www.studiofiftyfifty.be\/fr\/wp-json\/wp\/v2\/users\/1"}],"replies":[{"embeddable":true,"href":"http:\/\/www.studiofiftyfifty.be\/fr\/wp-json\/wp\/v2\/comments?post=1703"}],"version-history":[{"count":12,"href":"http:\/\/www.studiofiftyfifty.be\/fr\/wp-json\/wp\/v2\/pages\/1703\/revisions"}],"predecessor-version":[{"id":6070,"href":"http:\/\/www.studiofiftyfifty.be\/fr\/wp-json\/wp\/v2\/pages\/1703\/revisions\/6070"}],"wp:attachment":[{"href":"http:\/\/www.studiofiftyfifty.be\/fr\/wp-json\/wp\/v2\/media?parent=1703"}],"curies":[{"name":"wp","href":"https:\/\/api.w.org\/{rel}","templated":true}]}}